{"id":8003,"date":"2017-05-19T15:08:48","date_gmt":"2017-05-19T15:08:48","guid":{"rendered":"https:\/\/www.wheelchairbasketball.ca\/?page_id=8003"},"modified":"2017-06-07T18:53:55","modified_gmt":"2017-06-07T18:53:55","slug":"afrique-du-sud","status":"publish","type":"page","link":"https:\/\/www.wheelchairbasketball.ca\/fr\/2017u23wwbc\/equipes\/afrique-du-sud\/","title":{"rendered":"Afrique du Sud"},"content":{"rendered":"<p><img loading=\"lazy\" decoding=\"async\" class=\"alignleft wp-image-7930 size-thumbnail\" src=\"https:\/\/www.wheelchairbasketball.ca\/wp-content\/uploads\/2017\/05\/south-africa-150x150.png\" alt=\"\" width=\"150\" height=\"150\" \/><\/p>\n<p>Le Championnat du monde masculin des moins de 23 ans 2017 marque la troisi\u00e8me apparition de l\u2019Afrique du Sud \u00e0 l\u2019\u00e9v\u00e9nement, apr\u00e8s avoir particip\u00e9 aux championnats les plus r\u00e9cents en 2013 et en 2009. Ayant domin\u00e9 les \u00e9quipes adverses au tournoi de qualification du Championnat du monde africain des moins de 23 ans, l\u2019\u00e9quipe sud-africaine participera au tournoi dans l\u2019espoir d\u2019am\u00e9liorer ses deux classements pr\u00e9c\u00e9dents en 11<sup>e<\/sup>\u00a0place.<\/p>\n<h4>Histoire au Championnat du monde<\/h4>\n<ul>\n<li>2013 \u2013 Adana, Turquie \u2013 11e place<\/li>\n<li>2009 \u2013 Paris, France \u2013 11e place<\/li>\n<\/ul>\n<h4><strong>Formation de l&rsquo;equipe<\/strong><\/h4>\n<table width=\"631\">\n<tbody>\n<tr>\n<td width=\"35\">\n<h6>No.<\/h6>\n<\/td>\n<td width=\"159\">\n<h6>Nom<\/h6>\n<\/td>\n<td width=\"72\">\n<h6>Cat\u00e9g.<\/h6>\n<\/td>\n<td width=\"159\">\n<h6>Date de naissance<\/h6>\n<\/td>\n<td width=\"206\">\n<h6>Ville d\u2019origine<\/h6>\n<\/td>\n<\/tr>\n<tr>\n<td width=\"35\">4<\/td>\n<td width=\"159\">Bofelo Ramonne<\/td>\n<td width=\"72\">3.0<\/td>\n<td width=\"159\">27-Jul-2002<\/td>\n<td width=\"206\">Kuruman<\/td>\n<\/tr>\n<tr>\n<td width=\"35\">6<\/td>\n<td width=\"159\">Siyanda Dube<\/td>\n<td width=\"72\">1.0<\/td>\n<td width=\"159\">11-Apr-1997<\/td>\n<td width=\"206\">Durban<\/td>\n<\/tr>\n<tr>\n<td width=\"35\">7<\/td>\n<td width=\"159\">Warren Tefu<\/td>\n<td width=\"72\">3.5<\/td>\n<td width=\"159\">26-Feb-1997<\/td>\n<td width=\"206\">Johannesburg<\/td>\n<\/tr>\n<tr>\n<td width=\"35\">8<\/td>\n<td width=\"159\">Zakhele Shelembe<\/td>\n<td width=\"72\">1.5<\/td>\n<td width=\"159\">19-Aug-1996<\/td>\n<td width=\"206\">Durban<\/td>\n<\/tr>\n<tr>\n<td width=\"35\">9<\/td>\n<td width=\"159\">Gcina Musawenkosi Dlamini<\/td>\n<td width=\"72\">2.0<\/td>\n<td width=\"159\">09-May-1995<\/td>\n<td width=\"206\">Durban<\/td>\n<\/tr>\n<tr>\n<td width=\"35\">10<\/td>\n<td width=\"159\">Simangaye Shabalala<\/td>\n<td width=\"72\">4.5<\/td>\n<td width=\"159\">02-Sep-1997<\/td>\n<td width=\"206\">Durban<\/td>\n<\/tr>\n<tr>\n<td width=\"35\">11<\/td>\n<td width=\"159\">Ayabonga Jim<\/td>\n<td width=\"72\">3.0<\/td>\n<td width=\"159\">09-Jan-2001<\/td>\n<td width=\"206\">East London<\/td>\n<\/tr>\n<tr>\n<td width=\"35\">12<\/td>\n<td width=\"159\">Ronald Nkomo<\/td>\n<td width=\"72\">2.5<\/td>\n<td width=\"159\">11-Apr-1996<\/td>\n<td width=\"206\">Johannesburg<\/td>\n<\/tr>\n<tr>\n<td width=\"35\">13<\/td>\n<td width=\"159\">Kwazi Kubheka<\/td>\n<td width=\"72\">3.5<\/td>\n<td width=\"159\">02-Jun-1997<\/td>\n<td width=\"206\">Johannesburg<\/td>\n<\/tr>\n<tr>\n<td width=\"35\">14<\/td>\n<td width=\"159\">Elverno Rossouw<\/td>\n<td width=\"72\">2.5<\/td>\n<td width=\"159\">22-May-2001<\/td>\n<td width=\"206\">Cape Town<\/td>\n<\/tr>\n<\/tbody>\n<\/table>\n<div class=\"page\" title=\"Page 31\">\n<div class=\"section\">\n<div class=\"layoutArea\">\n<div class=\"column\">\n<p><strong>Entra\u00eeneurs et personnel: <\/strong> Head Coach : Gerhard Smith \/ Manager : Allen Mtatase \/ Physiotherapist :<\/p>\n<\/div>\n<\/div>\n<\/div>\n<\/div>\n","protected":false},"excerpt":{"rendered":"Le Championnat du monde masculin des moins de 23 ans 2017 marque la troisi\u00e8me apparition de l\u2019Afrique du Sud \u00e0 l\u2019\u00e9v\u00e9nement, apr\u00e8s avoir particip\u00e9 aux championnats les plus r\u00e9cents en 2013 et en 2009. Ayant domin\u00e9 les \u00e9quipes adverses au tournoi de qualification du Championnat du monde africain des moins de 23 ans, l\u2019\u00e9quipe sud-africaine [&hellip;]","protected":false},"author":7,"featured_media":0,"parent":6897,"menu_order":11,"comment_status":"closed","ping_status":"closed","template":"page-wwbc.php","meta":{"om_disable_all_campaigns":false,"_monsterinsights_skip_tracking":false,"_monsterinsights_sitenote_active":false,"_monsterinsights_sitenote_note":"","_monsterinsights_sitenote_category":0,"footnotes":""},"acf":[],"yoast_head":"<!-- This site is optimized with the Yoast SEO plugin v21.9.1 - https:\/\/yoast.com\/wordpress\/plugins\/seo\/ -->\n<title>Afrique du Sud - Wheelchair Basketball Canada<\/title>\n<meta name=\"robots\" content=\"index, follow, max-snippet:-1, max-image-preview:large, max-video-preview:-1\" \/>\n<link rel=\"canonical\" href=\"https:\/\/www.wheelchairbasketball.ca\/fr\/2017u23wwbc\/equipes\/afrique-du-sud\/\" \/>\n<meta property=\"og:locale\" content=\"fr_FR\" \/>\n<meta property=\"og:type\" content=\"article\" \/>\n<meta property=\"og:title\" content=\"Afrique du Sud - Wheelchair Basketball Canada\" \/>\n<meta property=\"og:description\" content=\"Le Championnat du monde masculin des moins de 23 ans 2017 marque la troisi\u00e8me apparition de l\u2019Afrique du Sud \u00e0 l\u2019\u00e9v\u00e9nement, apr\u00e8s avoir particip\u00e9 aux championnats les plus r\u00e9cents en 2013 et en 2009. Ayant domin\u00e9 les \u00e9quipes adverses au tournoi de qualification du Championnat du monde africain des moins de 23 ans, l\u2019\u00e9quipe sud-africaine [&hellip;]\" \/>\n<meta property=\"og:url\" content=\"https:\/\/www.wheelchairbasketball.ca\/fr\/2017u23wwbc\/equipes\/afrique-du-sud\/\" \/>\n<meta property=\"og:site_name\" content=\"Wheelchair Basketball Canada\" \/>\n<meta property=\"article:publisher\" content=\"http:\/\/www.facebook.com\/wheelchairbasketball\" \/>\n<meta property=\"article:modified_time\" content=\"2017-06-07T18:53:55+00:00\" \/>\n<meta property=\"og:image\" content=\"https:\/\/www.wheelchairbasketball.ca\/wp-content\/uploads\/2017\/05\/south-africa-150x150.png\" \/>\n<meta name=\"twitter:card\" content=\"summary_large_image\" \/>\n<meta name=\"twitter:site\" content=\"@WCBballCanada\" \/>\n<meta name=\"twitter:label1\" content=\"Dur\u00e9e de lecture estim\u00e9e\" \/>\n\t<meta name=\"twitter:data1\" content=\"1 minute\" \/>\n<script type=\"application\/ld+json\" class=\"yoast-schema-graph\">{\"@context\":\"https:\/\/schema.org\",\"@graph\":[{\"@type\":\"WebPage\",\"@id\":\"https:\/\/www.wheelchairbasketball.ca\/fr\/2017u23wwbc\/equipes\/afrique-du-sud\/\",\"url\":\"https:\/\/www.wheelchairbasketball.ca\/fr\/2017u23wwbc\/equipes\/afrique-du-sud\/\",\"name\":\"Afrique du Sud - Wheelchair Basketball Canada\",\"isPartOf\":{\"@id\":\"https:\/\/www.wheelchairbasketball.ca\/#website\"},\"datePublished\":\"2017-05-19T15:08:48+00:00\",\"dateModified\":\"2017-06-07T18:53:55+00:00\",\"breadcrumb\":{\"@id\":\"https:\/\/www.wheelchairbasketball.ca\/fr\/2017u23wwbc\/equipes\/afrique-du-sud\/#breadcrumb\"},\"inLanguage\":\"fr-FR\",\"potentialAction\":[{\"@type\":\"ReadAction\",\"target\":[\"https:\/\/www.wheelchairbasketball.ca\/fr\/2017u23wwbc\/equipes\/afrique-du-sud\/\"]}]},{\"@type\":\"BreadcrumbList\",\"@id\":\"https:\/\/www.wheelchairbasketball.ca\/fr\/2017u23wwbc\/equipes\/afrique-du-sud\/#breadcrumb\",\"itemListElement\":[{\"@type\":\"ListItem\",\"position\":1,\"name\":\"Home\",\"item\":\"https:\/\/www.wheelchairbasketball.ca\/fr\/\"},{\"@type\":\"ListItem\",\"position\":2,\"name\":\"2017u23wwbc\",\"item\":\"https:\/\/www.wheelchairbasketball.ca\/fr\/2017u23wwbc\/\"},{\"@type\":\"ListItem\",\"position\":3,\"name\":\"\u00c9quipes\",\"item\":\"https:\/\/www.wheelchairbasketball.ca\/fr\/2017u23wwbc\/equipes\/\"},{\"@type\":\"ListItem\",\"position\":4,\"name\":\"Afrique du Sud\"}]},{\"@type\":\"WebSite\",\"@id\":\"https:\/\/www.wheelchairbasketball.ca\/#website\",\"url\":\"https:\/\/www.wheelchairbasketball.ca\/\",\"name\":\"Wheelchair Basketball Canada\",\"description\":\"Real Life. Real Sport.\",\"potentialAction\":[{\"@type\":\"SearchAction\",\"target\":{\"@type\":\"EntryPoint\",\"urlTemplate\":\"https:\/\/www.wheelchairbasketball.ca\/?s={search_term_string}\"},\"query-input\":\"required name=search_term_string\"}],\"inLanguage\":\"fr-FR\"}]}<\/script>\n<!-- \/ Yoast SEO plugin. -->","yoast_head_json":{"title":"Afrique du Sud - Wheelchair Basketball Canada","robots":{"index":"index","follow":"follow","max-snippet":"max-snippet:-1","max-image-preview":"max-image-preview:large","max-video-preview":"max-video-preview:-1"},"canonical":"https:\/\/www.wheelchairbasketball.ca\/fr\/2017u23wwbc\/equipes\/afrique-du-sud\/","og_locale":"fr_FR","og_type":"article","og_title":"Afrique du Sud - Wheelchair Basketball Canada","og_description":"Le Championnat du monde masculin des moins de 23 ans 2017 marque la troisi\u00e8me apparition de l\u2019Afrique du Sud \u00e0 l\u2019\u00e9v\u00e9nement, apr\u00e8s avoir particip\u00e9 aux championnats les plus r\u00e9cents en 2013 et en 2009. Ayant domin\u00e9 les \u00e9quipes adverses au tournoi de qualification du Championnat du monde africain des moins de 23 ans, l\u2019\u00e9quipe sud-africaine [&hellip;]","og_url":"https:\/\/www.wheelchairbasketball.ca\/fr\/2017u23wwbc\/equipes\/afrique-du-sud\/","og_site_name":"Wheelchair Basketball Canada","article_publisher":"http:\/\/www.facebook.com\/wheelchairbasketball","article_modified_time":"2017-06-07T18:53:55+00:00","og_image":[{"url":"https:\/\/www.wheelchairbasketball.ca\/wp-content\/uploads\/2017\/05\/south-africa-150x150.png"}],"twitter_card":"summary_large_image","twitter_site":"@WCBballCanada","twitter_misc":{"Dur\u00e9e de lecture estim\u00e9e":"1 minute"},"schema":{"@context":"https:\/\/schema.org","@graph":[{"@type":"WebPage","@id":"https:\/\/www.wheelchairbasketball.ca\/fr\/2017u23wwbc\/equipes\/afrique-du-sud\/","url":"https:\/\/www.wheelchairbasketball.ca\/fr\/2017u23wwbc\/equipes\/afrique-du-sud\/","name":"Afrique du Sud - Wheelchair Basketball Canada","isPartOf":{"@id":"https:\/\/www.wheelchairbasketball.ca\/#website"},"datePublished":"2017-05-19T15:08:48+00:00","dateModified":"2017-06-07T18:53:55+00:00","breadcrumb":{"@id":"https:\/\/www.wheelchairbasketball.ca\/fr\/2017u23wwbc\/equipes\/afrique-du-sud\/#breadcrumb"},"inLanguage":"fr-FR","potentialAction":[{"@type":"ReadAction","target":["https:\/\/www.wheelchairbasketball.ca\/fr\/2017u23wwbc\/equipes\/afrique-du-sud\/"]}]},{"@type":"BreadcrumbList","@id":"https:\/\/www.wheelchairbasketball.ca\/fr\/2017u23wwbc\/equipes\/afrique-du-sud\/#breadcrumb","itemListElement":[{"@type":"ListItem","position":1,"name":"Home","item":"https:\/\/www.wheelchairbasketball.ca\/fr\/"},{"@type":"ListItem","position":2,"name":"2017u23wwbc","item":"https:\/\/www.wheelchairbasketball.ca\/fr\/2017u23wwbc\/"},{"@type":"ListItem","position":3,"name":"\u00c9quipes","item":"https:\/\/www.wheelchairbasketball.ca\/fr\/2017u23wwbc\/equipes\/"},{"@type":"ListItem","position":4,"name":"Afrique du Sud"}]},{"@type":"WebSite","@id":"https:\/\/www.wheelchairbasketball.ca\/#website","url":"https:\/\/www.wheelchairbasketball.ca\/","name":"Wheelchair Basketball Canada","description":"Real Life. Real Sport.","potentialAction":[{"@type":"SearchAction","target":{"@type":"EntryPoint","urlTemplate":"https:\/\/www.wheelchairbasketball.ca\/?s={search_term_string}"},"query-input":"required name=search_term_string"}],"inLanguage":"fr-FR"}]}},"_links":{"self":[{"href":"https:\/\/www.wheelchairbasketball.ca\/fr\/wp-json\/wp\/v2\/pages\/8003"}],"collection":[{"href":"https:\/\/www.wheelchairbasketball.ca\/fr\/wp-json\/wp\/v2\/pages"}],"about":[{"href":"https:\/\/www.wheelchairbasketball.ca\/fr\/wp-json\/wp\/v2\/types\/page"}],"author":[{"embeddable":true,"href":"https:\/\/www.wheelchairbasketball.ca\/fr\/wp-json\/wp\/v2\/users\/7"}],"replies":[{"embeddable":true,"href":"https:\/\/www.wheelchairbasketball.ca\/fr\/wp-json\/wp\/v2\/comments?post=8003"}],"version-history":[{"count":4,"href":"https:\/\/www.wheelchairbasketball.ca\/fr\/wp-json\/wp\/v2\/pages\/8003\/revisions"}],"predecessor-version":[{"id":8190,"href":"https:\/\/www.wheelchairbasketball.ca\/fr\/wp-json\/wp\/v2\/pages\/8003\/revisions\/8190"}],"up":[{"embeddable":true,"href":"https:\/\/www.wheelchairbasketball.ca\/fr\/wp-json\/wp\/v2\/pages\/6897"}],"wp:attachment":[{"href":"https:\/\/www.wheelchairbasketball.ca\/fr\/wp-json\/wp\/v2\/media?parent=8003"}],"curies":[{"name":"wp","href":"https:\/\/api.w.org\/{rel}","templated":true}]}}