{"id":8727,"date":"2017-11-07T18:10:05","date_gmt":"2017-11-07T18:10:05","guid":{"rendered":"https:\/\/www.wheelchairbasketball.ca\/?page_id=8727"},"modified":"2017-11-23T14:30:33","modified_gmt":"2017-11-23T14:30:33","slug":"subvention-got-what-it-takes-to-win","status":"publish","type":"page","link":"https:\/\/www.wheelchairbasketball.ca\/fr\/programmes\/subvention-got-what-it-takes-to-win\/","title":{"rendered":"Subvention Got What It Takes To Win"},"content":{"rendered":"<p><img loading=\"lazy\" decoding=\"async\" width=\"400\" height=\"150\" class=\"aligncenter size-full wp-image-8718\" src=\"https:\/\/www.wheelchairbasketball.ca\/wp-content\/uploads\/2017\/11\/GWIT-logo.jpg\" alt=\"Got What It Takes to Win Grant\" srcset=\"https:\/\/www.wheelchairbasketball.ca\/wp-content\/uploads\/2017\/11\/GWIT-logo.jpg 400w, https:\/\/www.wheelchairbasketball.ca\/wp-content\/uploads\/2017\/11\/GWIT-logo-300x113.jpg 300w\" sizes=\"(max-width: 400px) 100vw, 400px\" \/><\/p>\n<p>Hooper Law et Basketball en fauteuil roulant Canada sont fiers de donner aux jeunes Canadiens l\u2019occasion de faire passer leur jeu de basketball en fauteuil roulant au prochain niveau, gr\u00e2ce \u00e0 la subvention <em>Got What It Takes to Win<\/em>.<\/p>\n<p>Les Canadiens \u00e2g\u00e9s de moins de 25\u00a0ans sont invit\u00e9s \u00e0 faire preuve de cr\u00e9ativit\u00e9 et \u00e0 nous parler de leur amour du basketball en fauteuil roulant et expliquer pourquoi ils ont ce qu\u2019il faut pour gagner sur une vid\u00e9o, une photo, une lettre ou un dessin. Les participants peuvent soumettre leur inscription \u00e0 Basketball en fauteuil roulant Canada, pour avoir de la chance de se voir d\u00e9cerner un nouveau fauteuil roulant de sport Quickie All Court personnalis\u00e9.<\/p>\n<h3>Quickie All Court \u2013 Poussez votre jeu \u00e0 ses limites<\/h3>\n<p><img loading=\"lazy\" decoding=\"async\" width=\"300\" height=\"300\" class=\"alignright size-full wp-image-8710\" src=\"https:\/\/www.wheelchairbasketball.ca\/wp-content\/uploads\/2017\/11\/Quickie-AllCourt-1.jpg\" alt=\"\" srcset=\"https:\/\/www.wheelchairbasketball.ca\/wp-content\/uploads\/2017\/11\/Quickie-AllCourt-1.jpg 300w, https:\/\/www.wheelchairbasketball.ca\/wp-content\/uploads\/2017\/11\/Quickie-AllCourt-1-150x150.jpg 150w\" sizes=\"(max-width: 300px) 100vw, 300px\" \/>Con\u00e7u avec l\u2019aide d\u2019athl\u00e8tes d\u2019\u00e9lite de basketball en fauteuil roulant, le fauteuil Quickie All Court compte un ch\u00e2ssis l\u00e9ger, r\u00e9glable et de haute performance, con\u00e7u pour assurer la maniabilit\u00e9 et la puissance. Des matchs improvis\u00e9s aux matchs de la m\u00e9daille d\u2019or, le fauteuil de sport Quickie All Court portera votre jeu au prochain niveau.<\/p>\n<p>Sunrise Medical, un chef de file mondial de la cr\u00e9ation, de la conception et de la fabrication de fauteuils roulants de sport, y compris ceux de sa populaire marque Quickie, est le fournisseur officiel d\u2019\u00e9quipement de Basketball en fauteuil roulant Canada.<\/p>\n<h3>Comment participer<\/h3>\n<p>Pour participer, faites preuve de cr\u00e9ativit\u00e9! Envoyez-nous une vid\u00e9o, une photo, une lettre ou un dessin pour nous parler de vous-m\u00eame, de votre int\u00e9r\u00eat envers le basketball en fauteuil roulant et nous expliquer pourquoi vous avez ce qu\u2019il faut pour gagner!<\/p>\n<p>Un gagnant sera s\u00e9lectionn\u00e9 par un jury de s\u00e9lection et recevra un nouveau fauteuil Quickie All Court et une r\u00e9plique du maillot d\u2019\u00c9quipe Canada, sign\u00e9 par l\u2019\u00e9quipe canadienne f\u00e9minine senior.<\/p>\n<p>Veuillez lire <a href=\"https:\/\/www.wheelchairbasketball.ca\/wp-content\/uploads\/2017\/11\/2017-GWIT-Grant-Official-Rules-and-Regulations-FR.pdf\">les r\u00e8glements officiels<\/a> pour conna\u00eetre tous les renseignements avant de participer.<\/p>\n<p>La p\u00e9riode d\u2019inscription se d\u00e9roule du <strong>20\u00a0novembre au 22 d\u00e9cembre 2017<\/strong>. Les inscriptions peuvent \u00eatre envoy\u00e9es par courriel \u00e0 l\u2019adresse <a href=\"&#109;&#x61;&#105;&#x6c;t&#x6f;:&#105;&#x6e;&#102;&#x6f;&#64;&#x77;h&#x65;e&#108;&#x63;&#104;&#x61;i&#x72;b&#x61;&#x73;&#107;&#x65;&#116;&#x62;a&#x6c;l&#46;&#x63;&#97;\">i&#110;&#102;&#x6f;&#x40;&#x77;he&#101;&#108;&#x63;&#x68;&#x61;i&#114;&#98;&#97;&#x73;&#x6b;&#x65;t&#98;&#97;&#x6c;&#x6c;&#x2e;ca<\/a> ou par courrier \u00e0\u00a0:<\/p>\n<p>Basketball en fauteuil roulant Canada<br \/>\n6, promenade Antares, phase 1, unit\u00e9 8<br \/>\nOttawa (Ontario)<br \/>\nK2E 8A9<\/p>\n<h3>\u00c0 propos de Hooper Law<\/h3>\n<p>Hooper Law est un fier partenaire de l&rsquo;\u00c9quipe canadienne f\u00e9minine senior de basketball en fauteuil roulant.<\/p>\n<p>Le cabinet Hooper Law a \u00e9t\u00e9 fond\u00e9 en 2001, \u00e0 Hamilton, en Ontario. Poss\u00e9dant plusieurs d\u00e9cennies d\u2019exp\u00e9rience juridique en protection et promotion des droits des victimes, l\u2019\u00e9quipe d\u2019avocats sp\u00e9cialis\u00e9s en l\u00e9sions corporelles et le personnel professionnel comptent une r\u00e9putation bien m\u00e9rit\u00e9e d\u2019int\u00e9grit\u00e9 et d\u2019aide offerte aux victimes, pour obtenir la justice qu\u2019ils m\u00e9ritent. Le cabinet se voue \u00e0 lutter avec succ\u00e8s pour faire respecter les droits des personnes et gagner leurs causes afin que les clients et leurs proches puissent se concentrer \u00e0 reb\u00e2tir leurs vies. Pour plus de renseignements, veuillez visiter\u00a0<a href=\"http:\/\/www.hooperlaw.ca\/\" target=\"_blank\" rel=\"noopener\">www.fightforyou.ca<\/a>.<\/p>\n","protected":false},"excerpt":{"rendered":"Hooper Law et Basketball en fauteuil roulant Canada sont fiers de donner aux jeunes Canadiens l\u2019occasion de faire passer leur jeu de basketball en fauteuil roulant au prochain niveau, gr\u00e2ce \u00e0 la subvention Got What It Takes to Win. Les Canadiens \u00e2g\u00e9s de moins de 25\u00a0ans sont invit\u00e9s \u00e0 faire preuve de cr\u00e9ativit\u00e9 et \u00e0 [&hellip;]","protected":false},"author":6,"featured_media":8717,"parent":1210,"menu_order":4,"comment_status":"closed","ping_status":"closed","template":"","meta":{"om_disable_all_campaigns":false,"_monsterinsights_skip_tracking":false,"_monsterinsights_sitenote_active":false,"_monsterinsights_sitenote_note":"","_monsterinsights_sitenote_category":0,"footnotes":""},"acf":[],"yoast_head":"<!-- This site is optimized with the Yoast SEO plugin v21.9.1 - https:\/\/yoast.com\/wordpress\/plugins\/seo\/ -->\n<title>Subvention Got What It Takes To Win - Wheelchair Basketball Canada<\/title>\n<meta name=\"robots\" content=\"index, follow, max-snippet:-1, max-image-preview:large, max-video-preview:-1\" \/>\n<link rel=\"canonical\" href=\"https:\/\/www.wheelchairbasketball.ca\/fr\/programmes\/subvention-got-what-it-takes-to-win\/\" \/>\n<meta property=\"og:locale\" content=\"fr_FR\" \/>\n<meta property=\"og:type\" content=\"article\" \/>\n<meta property=\"og:title\" content=\"Subvention Got What It Takes To Win - Wheelchair Basketball Canada\" \/>\n<meta property=\"og:description\" content=\"Hooper Law et Basketball en fauteuil roulant Canada sont fiers de donner aux jeunes Canadiens l\u2019occasion de faire passer leur jeu de basketball en fauteuil roulant au prochain niveau, gr\u00e2ce \u00e0 la subvention Got What It Takes to Win. Les Canadiens \u00e2g\u00e9s de moins de 25\u00a0ans sont invit\u00e9s \u00e0 faire preuve de cr\u00e9ativit\u00e9 et \u00e0 [&hellip;]\" \/>\n<meta property=\"og:url\" content=\"https:\/\/www.wheelchairbasketball.ca\/fr\/programmes\/subvention-got-what-it-takes-to-win\/\" \/>\n<meta property=\"og:site_name\" content=\"Wheelchair Basketball Canada\" \/>\n<meta property=\"article:publisher\" content=\"http:\/\/www.facebook.com\/wheelchairbasketball\" \/>\n<meta property=\"article:modified_time\" content=\"2017-11-23T14:30:33+00:00\" \/>\n<meta property=\"og:image\" content=\"https:\/\/www.wheelchairbasketball.ca\/wp-content\/uploads\/2017\/11\/HL-GWIT-Grant-1-feature.jpg\" \/>\n\t<meta property=\"og:image:width\" content=\"1400\" \/>\n\t<meta property=\"og:image:height\" content=\"600\" \/>\n\t<meta property=\"og:image:type\" content=\"image\/jpeg\" \/>\n<meta name=\"twitter:card\" content=\"summary_large_image\" \/>\n<meta name=\"twitter:site\" content=\"@WCBballCanada\" \/>\n<meta name=\"twitter:label1\" content=\"Dur\u00e9e de lecture estim\u00e9e\" \/>\n\t<meta name=\"twitter:data1\" content=\"3 minutes\" \/>\n<script type=\"application\/ld+json\" class=\"yoast-schema-graph\">{\"@context\":\"https:\/\/schema.org\",\"@graph\":[{\"@type\":\"WebPage\",\"@id\":\"https:\/\/www.wheelchairbasketball.ca\/fr\/programmes\/subvention-got-what-it-takes-to-win\/\",\"url\":\"https:\/\/www.wheelchairbasketball.ca\/fr\/programmes\/subvention-got-what-it-takes-to-win\/\",\"name\":\"Subvention Got What It Takes To Win - Wheelchair Basketball Canada\",\"isPartOf\":{\"@id\":\"https:\/\/www.wheelchairbasketball.ca\/#website\"},\"datePublished\":\"2017-11-07T18:10:05+00:00\",\"dateModified\":\"2017-11-23T14:30:33+00:00\",\"breadcrumb\":{\"@id\":\"https:\/\/www.wheelchairbasketball.ca\/fr\/programmes\/subvention-got-what-it-takes-to-win\/#breadcrumb\"},\"inLanguage\":\"fr-FR\",\"potentialAction\":[{\"@type\":\"ReadAction\",\"target\":[\"https:\/\/www.wheelchairbasketball.ca\/fr\/programmes\/subvention-got-what-it-takes-to-win\/\"]}]},{\"@type\":\"BreadcrumbList\",\"@id\":\"https:\/\/www.wheelchairbasketball.ca\/fr\/programmes\/subvention-got-what-it-takes-to-win\/#breadcrumb\",\"itemListElement\":[{\"@type\":\"ListItem\",\"position\":1,\"name\":\"Home\",\"item\":\"https:\/\/www.wheelchairbasketball.ca\/fr\/\"},{\"@type\":\"ListItem\",\"position\":2,\"name\":\"Programmes\",\"item\":\"https:\/\/www.wheelchairbasketball.ca\/fr\/programmes\/\"},{\"@type\":\"ListItem\",\"position\":3,\"name\":\"Subvention Got What It Takes To Win\"}]},{\"@type\":\"WebSite\",\"@id\":\"https:\/\/www.wheelchairbasketball.ca\/#website\",\"url\":\"https:\/\/www.wheelchairbasketball.ca\/\",\"name\":\"Wheelchair Basketball Canada\",\"description\":\"Real Life. Real Sport.\",\"potentialAction\":[{\"@type\":\"SearchAction\",\"target\":{\"@type\":\"EntryPoint\",\"urlTemplate\":\"https:\/\/www.wheelchairbasketball.ca\/?s={search_term_string}\"},\"query-input\":\"required name=search_term_string\"}],\"inLanguage\":\"fr-FR\"}]}<\/script>\n<!-- \/ Yoast SEO plugin. -->","yoast_head_json":{"title":"Subvention Got What It Takes To Win - Wheelchair Basketball Canada","robots":{"index":"index","follow":"follow","max-snippet":"max-snippet:-1","max-image-preview":"max-image-preview:large","max-video-preview":"max-video-preview:-1"},"canonical":"https:\/\/www.wheelchairbasketball.ca\/fr\/programmes\/subvention-got-what-it-takes-to-win\/","og_locale":"fr_FR","og_type":"article","og_title":"Subvention Got What It Takes To Win - Wheelchair Basketball Canada","og_description":"Hooper Law et Basketball en fauteuil roulant Canada sont fiers de donner aux jeunes Canadiens l\u2019occasion de faire passer leur jeu de basketball en fauteuil roulant au prochain niveau, gr\u00e2ce \u00e0 la subvention Got What It Takes to Win. Les Canadiens \u00e2g\u00e9s de moins de 25\u00a0ans sont invit\u00e9s \u00e0 faire preuve de cr\u00e9ativit\u00e9 et \u00e0 [&hellip;]","og_url":"https:\/\/www.wheelchairbasketball.ca\/fr\/programmes\/subvention-got-what-it-takes-to-win\/","og_site_name":"Wheelchair Basketball Canada","article_publisher":"http:\/\/www.facebook.com\/wheelchairbasketball","article_modified_time":"2017-11-23T14:30:33+00:00","og_image":[{"width":1400,"height":600,"url":"https:\/\/www.wheelchairbasketball.ca\/wp-content\/uploads\/2017\/11\/HL-GWIT-Grant-1-feature.jpg","type":"image\/jpeg"}],"twitter_card":"summary_large_image","twitter_site":"@WCBballCanada","twitter_misc":{"Dur\u00e9e de lecture estim\u00e9e":"3 minutes"},"schema":{"@context":"https:\/\/schema.org","@graph":[{"@type":"WebPage","@id":"https:\/\/www.wheelchairbasketball.ca\/fr\/programmes\/subvention-got-what-it-takes-to-win\/","url":"https:\/\/www.wheelchairbasketball.ca\/fr\/programmes\/subvention-got-what-it-takes-to-win\/","name":"Subvention Got What It Takes To Win - Wheelchair Basketball Canada","isPartOf":{"@id":"https:\/\/www.wheelchairbasketball.ca\/#website"},"datePublished":"2017-11-07T18:10:05+00:00","dateModified":"2017-11-23T14:30:33+00:00","breadcrumb":{"@id":"https:\/\/www.wheelchairbasketball.ca\/fr\/programmes\/subvention-got-what-it-takes-to-win\/#breadcrumb"},"inLanguage":"fr-FR","potentialAction":[{"@type":"ReadAction","target":["https:\/\/www.wheelchairbasketball.ca\/fr\/programmes\/subvention-got-what-it-takes-to-win\/"]}]},{"@type":"BreadcrumbList","@id":"https:\/\/www.wheelchairbasketball.ca\/fr\/programmes\/subvention-got-what-it-takes-to-win\/#breadcrumb","itemListElement":[{"@type":"ListItem","position":1,"name":"Home","item":"https:\/\/www.wheelchairbasketball.ca\/fr\/"},{"@type":"ListItem","position":2,"name":"Programmes","item":"https:\/\/www.wheelchairbasketball.ca\/fr\/programmes\/"},{"@type":"ListItem","position":3,"name":"Subvention Got What It Takes To Win"}]},{"@type":"WebSite","@id":"https:\/\/www.wheelchairbasketball.ca\/#website","url":"https:\/\/www.wheelchairbasketball.ca\/","name":"Wheelchair Basketball Canada","description":"Real Life. Real Sport.","potentialAction":[{"@type":"SearchAction","target":{"@type":"EntryPoint","urlTemplate":"https:\/\/www.wheelchairbasketball.ca\/?s={search_term_string}"},"query-input":"required name=search_term_string"}],"inLanguage":"fr-FR"}]}},"_links":{"self":[{"href":"https:\/\/www.wheelchairbasketball.ca\/fr\/wp-json\/wp\/v2\/pages\/8727"}],"collection":[{"href":"https:\/\/www.wheelchairbasketball.ca\/fr\/wp-json\/wp\/v2\/pages"}],"about":[{"href":"https:\/\/www.wheelchairbasketball.ca\/fr\/wp-json\/wp\/v2\/types\/page"}],"author":[{"embeddable":true,"href":"https:\/\/www.wheelchairbasketball.ca\/fr\/wp-json\/wp\/v2\/users\/6"}],"replies":[{"embeddable":true,"href":"https:\/\/www.wheelchairbasketball.ca\/fr\/wp-json\/wp\/v2\/comments?post=8727"}],"version-history":[{"count":6,"href":"https:\/\/www.wheelchairbasketball.ca\/fr\/wp-json\/wp\/v2\/pages\/8727\/revisions"}],"predecessor-version":[{"id":8782,"href":"https:\/\/www.wheelchairbasketball.ca\/fr\/wp-json\/wp\/v2\/pages\/8727\/revisions\/8782"}],"up":[{"embeddable":true,"href":"https:\/\/www.wheelchairbasketball.ca\/fr\/wp-json\/wp\/v2\/pages\/1210"}],"wp:featuredmedia":[{"embeddable":true,"href":"https:\/\/www.wheelchairbasketball.ca\/fr\/wp-json\/wp\/v2\/media\/8717"}],"wp:attachment":[{"href":"https:\/\/www.wheelchairbasketball.ca\/fr\/wp-json\/wp\/v2\/media?parent=8727"}],"curies":[{"name":"wp","href":"https:\/\/api.w.org\/{rel}","templated":true}]}}