{"id":8931,"date":"2018-02-01T20:19:09","date_gmt":"2018-02-01T20:19:09","guid":{"rendered":"https:\/\/www.wheelchairbasketball.ca\/?page_id=8931"},"modified":"2018-07-18T19:43:27","modified_gmt":"2018-07-18T19:43:27","slug":"coaching-calendar","status":"publish","type":"page","link":"https:\/\/www.wheelchairbasketball.ca\/fr\/technique\/coaching-calendar\/","title":{"rendered":"Calendrier d\u2019entra\u00eenement"},"content":{"rendered":"<p>On les tient pour des enseignants et des enseignantes, des mentors et des mentores, des exemples, des amis et des amies, et des chefs de file dans les communaut\u00e9s o\u00f9 ils s\u2019engagent. Les entra\u00eeneurs et les entra\u00eeneures apportent une contribution \u00e0 la communaut\u00e9, ont une influence \u00e9norme sur le d\u00e9veloppement des jeunes et participent \u00e0 une grande exp\u00e9rience d\u2019apprentissage.<\/p>\n<p>Voir ci-dessous pour les prochains cours pour les entra\u00eeneurs:<\/p>\n","protected":false},"excerpt":{"rendered":"On les tient pour des enseignants et des enseignantes, des mentors et des mentores, des exemples, des amis et des amies, et des chefs de file dans les communaut\u00e9s o\u00f9 ils s\u2019engagent. Les entra\u00eeneurs et les entra\u00eeneures apportent une contribution \u00e0 la communaut\u00e9, ont une influence \u00e9norme sur le d\u00e9veloppement des jeunes et participent \u00e0 [&hellip;]","protected":false},"author":6,"featured_media":8916,"parent":1649,"menu_order":5,"comment_status":"closed","ping_status":"closed","template":"","meta":{"om_disable_all_campaigns":false,"_monsterinsights_skip_tracking":false,"_monsterinsights_sitenote_active":false,"_monsterinsights_sitenote_note":"","_monsterinsights_sitenote_category":0,"footnotes":""},"acf":[],"yoast_head":"<!-- This site is optimized with the Yoast SEO plugin v21.9.1 - https:\/\/yoast.com\/wordpress\/plugins\/seo\/ -->\n<title>Calendrier d\u2019entra\u00eenement - Wheelchair Basketball Canada<\/title>\n<meta name=\"robots\" content=\"index, follow, max-snippet:-1, max-image-preview:large, max-video-preview:-1\" \/>\n<link rel=\"canonical\" href=\"https:\/\/www.wheelchairbasketball.ca\/fr\/technique\/coaching-calendar\/\" \/>\n<meta property=\"og:locale\" content=\"fr_FR\" \/>\n<meta property=\"og:type\" content=\"article\" \/>\n<meta property=\"og:title\" content=\"Calendrier d\u2019entra\u00eenement - Wheelchair Basketball Canada\" \/>\n<meta property=\"og:description\" content=\"On les tient pour des enseignants et des enseignantes, des mentors et des mentores, des exemples, des amis et des amies, et des chefs de file dans les communaut\u00e9s o\u00f9 ils s\u2019engagent. Les entra\u00eeneurs et les entra\u00eeneures apportent une contribution \u00e0 la communaut\u00e9, ont une influence \u00e9norme sur le d\u00e9veloppement des jeunes et participent \u00e0 [&hellip;]\" \/>\n<meta property=\"og:url\" content=\"https:\/\/www.wheelchairbasketball.ca\/fr\/technique\/coaching-calendar\/\" \/>\n<meta property=\"og:site_name\" content=\"Wheelchair Basketball Canada\" \/>\n<meta property=\"article:publisher\" content=\"http:\/\/www.facebook.com\/wheelchairbasketball\" \/>\n<meta property=\"article:modified_time\" content=\"2018-07-18T19:43:27+00:00\" \/>\n<meta property=\"og:image\" content=\"https:\/\/www.wheelchairbasketball.ca\/wp-content\/uploads\/2018\/01\/Coaching-Calendar.jpg\" \/>\n\t<meta property=\"og:image:width\" content=\"1400\" \/>\n\t<meta property=\"og:image:height\" content=\"600\" \/>\n\t<meta property=\"og:image:type\" content=\"image\/jpeg\" \/>\n<meta name=\"twitter:card\" content=\"summary_large_image\" \/>\n<meta name=\"twitter:site\" content=\"@WCBballCanada\" \/>\n<script type=\"application\/ld+json\" class=\"yoast-schema-graph\">{\"@context\":\"https:\/\/schema.org\",\"@graph\":[{\"@type\":\"WebPage\",\"@id\":\"https:\/\/www.wheelchairbasketball.ca\/fr\/technique\/coaching-calendar\/\",\"url\":\"https:\/\/www.wheelchairbasketball.ca\/fr\/technique\/coaching-calendar\/\",\"name\":\"Calendrier d\u2019entra\u00eenement - Wheelchair Basketball Canada\",\"isPartOf\":{\"@id\":\"https:\/\/www.wheelchairbasketball.ca\/#website\"},\"datePublished\":\"2018-02-01T20:19:09+00:00\",\"dateModified\":\"2018-07-18T19:43:27+00:00\",\"breadcrumb\":{\"@id\":\"https:\/\/www.wheelchairbasketball.ca\/fr\/technique\/coaching-calendar\/#breadcrumb\"},\"inLanguage\":\"fr-FR\",\"potentialAction\":[{\"@type\":\"ReadAction\",\"target\":[\"https:\/\/www.wheelchairbasketball.ca\/fr\/technique\/coaching-calendar\/\"]}]},{\"@type\":\"BreadcrumbList\",\"@id\":\"https:\/\/www.wheelchairbasketball.ca\/fr\/technique\/coaching-calendar\/#breadcrumb\",\"itemListElement\":[{\"@type\":\"ListItem\",\"position\":1,\"name\":\"Home\",\"item\":\"https:\/\/www.wheelchairbasketball.ca\/fr\/\"},{\"@type\":\"ListItem\",\"position\":2,\"name\":\"Technique\",\"item\":\"https:\/\/www.wheelchairbasketball.ca\/fr\/technique\/\"},{\"@type\":\"ListItem\",\"position\":3,\"name\":\"Calendrier d\u2019entra\u00eenement\"}]},{\"@type\":\"WebSite\",\"@id\":\"https:\/\/www.wheelchairbasketball.ca\/#website\",\"url\":\"https:\/\/www.wheelchairbasketball.ca\/\",\"name\":\"Wheelchair Basketball Canada\",\"description\":\"Real Life. Real Sport.\",\"potentialAction\":[{\"@type\":\"SearchAction\",\"target\":{\"@type\":\"EntryPoint\",\"urlTemplate\":\"https:\/\/www.wheelchairbasketball.ca\/?s={search_term_string}\"},\"query-input\":\"required name=search_term_string\"}],\"inLanguage\":\"fr-FR\"}]}<\/script>\n<!-- \/ Yoast SEO plugin. -->","yoast_head_json":{"title":"Calendrier d\u2019entra\u00eenement - Wheelchair Basketball Canada","robots":{"index":"index","follow":"follow","max-snippet":"max-snippet:-1","max-image-preview":"max-image-preview:large","max-video-preview":"max-video-preview:-1"},"canonical":"https:\/\/www.wheelchairbasketball.ca\/fr\/technique\/coaching-calendar\/","og_locale":"fr_FR","og_type":"article","og_title":"Calendrier d\u2019entra\u00eenement - Wheelchair Basketball Canada","og_description":"On les tient pour des enseignants et des enseignantes, des mentors et des mentores, des exemples, des amis et des amies, et des chefs de file dans les communaut\u00e9s o\u00f9 ils s\u2019engagent. Les entra\u00eeneurs et les entra\u00eeneures apportent une contribution \u00e0 la communaut\u00e9, ont une influence \u00e9norme sur le d\u00e9veloppement des jeunes et participent \u00e0 [&hellip;]","og_url":"https:\/\/www.wheelchairbasketball.ca\/fr\/technique\/coaching-calendar\/","og_site_name":"Wheelchair Basketball Canada","article_publisher":"http:\/\/www.facebook.com\/wheelchairbasketball","article_modified_time":"2018-07-18T19:43:27+00:00","og_image":[{"width":1400,"height":600,"url":"https:\/\/www.wheelchairbasketball.ca\/wp-content\/uploads\/2018\/01\/Coaching-Calendar.jpg","type":"image\/jpeg"}],"twitter_card":"summary_large_image","twitter_site":"@WCBballCanada","schema":{"@context":"https:\/\/schema.org","@graph":[{"@type":"WebPage","@id":"https:\/\/www.wheelchairbasketball.ca\/fr\/technique\/coaching-calendar\/","url":"https:\/\/www.wheelchairbasketball.ca\/fr\/technique\/coaching-calendar\/","name":"Calendrier d\u2019entra\u00eenement - Wheelchair Basketball Canada","isPartOf":{"@id":"https:\/\/www.wheelchairbasketball.ca\/#website"},"datePublished":"2018-02-01T20:19:09+00:00","dateModified":"2018-07-18T19:43:27+00:00","breadcrumb":{"@id":"https:\/\/www.wheelchairbasketball.ca\/fr\/technique\/coaching-calendar\/#breadcrumb"},"inLanguage":"fr-FR","potentialAction":[{"@type":"ReadAction","target":["https:\/\/www.wheelchairbasketball.ca\/fr\/technique\/coaching-calendar\/"]}]},{"@type":"BreadcrumbList","@id":"https:\/\/www.wheelchairbasketball.ca\/fr\/technique\/coaching-calendar\/#breadcrumb","itemListElement":[{"@type":"ListItem","position":1,"name":"Home","item":"https:\/\/www.wheelchairbasketball.ca\/fr\/"},{"@type":"ListItem","position":2,"name":"Technique","item":"https:\/\/www.wheelchairbasketball.ca\/fr\/technique\/"},{"@type":"ListItem","position":3,"name":"Calendrier d\u2019entra\u00eenement"}]},{"@type":"WebSite","@id":"https:\/\/www.wheelchairbasketball.ca\/#website","url":"https:\/\/www.wheelchairbasketball.ca\/","name":"Wheelchair Basketball Canada","description":"Real Life. Real Sport.","potentialAction":[{"@type":"SearchAction","target":{"@type":"EntryPoint","urlTemplate":"https:\/\/www.wheelchairbasketball.ca\/?s={search_term_string}"},"query-input":"required name=search_term_string"}],"inLanguage":"fr-FR"}]}},"_links":{"self":[{"href":"https:\/\/www.wheelchairbasketball.ca\/fr\/wp-json\/wp\/v2\/pages\/8931"}],"collection":[{"href":"https:\/\/www.wheelchairbasketball.ca\/fr\/wp-json\/wp\/v2\/pages"}],"about":[{"href":"https:\/\/www.wheelchairbasketball.ca\/fr\/wp-json\/wp\/v2\/types\/page"}],"author":[{"embeddable":true,"href":"https:\/\/www.wheelchairbasketball.ca\/fr\/wp-json\/wp\/v2\/users\/6"}],"replies":[{"embeddable":true,"href":"https:\/\/www.wheelchairbasketball.ca\/fr\/wp-json\/wp\/v2\/comments?post=8931"}],"version-history":[{"count":5,"href":"https:\/\/www.wheelchairbasketball.ca\/fr\/wp-json\/wp\/v2\/pages\/8931\/revisions"}],"predecessor-version":[{"id":9362,"href":"https:\/\/www.wheelchairbasketball.ca\/fr\/wp-json\/wp\/v2\/pages\/8931\/revisions\/9362"}],"up":[{"embeddable":true,"href":"https:\/\/www.wheelchairbasketball.ca\/fr\/wp-json\/wp\/v2\/pages\/1649"}],"wp:featuredmedia":[{"embeddable":true,"href":"https:\/\/www.wheelchairbasketball.ca\/fr\/wp-json\/wp\/v2\/media\/8916"}],"wp:attachment":[{"href":"https:\/\/www.wheelchairbasketball.ca\/fr\/wp-json\/wp\/v2\/media?parent=8931"}],"curies":[{"name":"wp","href":"https:\/\/api.w.org\/{rel}","templated":true}]}}