{"id":9925,"date":"2018-12-11T16:33:23","date_gmt":"2018-12-11T16:33:23","guid":{"rendered":"https:\/\/www.wheelchairbasketball.ca\/?page_id=9925"},"modified":"2018-12-11T16:34:12","modified_gmt":"2018-12-11T16:34:12","slug":"lhistoire-de-daniel","status":"publish","type":"page","link":"https:\/\/www.wheelchairbasketball.ca\/fr\/lhistoire-de-daniel\/","title":{"rendered":"L\u2019histoire de Daniel"},"content":{"rendered":"<p><center><iframe loading=\"lazy\" width=\"560\" height=\"315\" src=\"https:\/\/www.youtube.com\/embed\/AjLyw_-eli8\" frameborder=\"0\" allow=\"accelerometer; autoplay; encrypted-media; gyroscope; picture-in-picture\" allowfullscreen><\/iframe><\/center><\/p>\n<p>Daniel avait 15 ans quand l\u2019impensable est survenu. Durant un voyage humanitaire avec des membres de son \u00e9glise, en R\u00e9publique dominicaine, le balcon de son h\u00f4tel s\u2019est effondr\u00e9 et il est tomb\u00e9 de trois \u00e9tages. Outre des blessures graves sur tout le corps, il s\u2019est fractur\u00e9 le cou et la colonne vert\u00e9brale.<\/p>\n<blockquote><p>\u201c\u00ab J\u2019ai perdu toute ind\u00e9pendance lorsque je me suis cass\u00e9 le dos. Je ne croyais pas pouvoir vivre ind\u00e9pendamment ou avoir une qualit\u00e9 de vie digne d\u2019\u00eatre v\u00e9cue. J\u2019ai repris cette confiance quand j\u2019ai commenc\u00e9 \u00e0 jouer au basketball en fauteuil roulant \u00bb <\/p><\/blockquote>\n<p>Regardez l\u2019histoire inspirante de pers\u00e9v\u00e9rance, de force de caract\u00e8re et de d\u00e9termination de Daniel \u2013 et voyez comment le basketball en fauteuil roulant a chang\u00e9 sa vie.   <\/p>\n<p>Nous vous prions de <a href=\"https:\/\/secure.e2rm.com\/registrant\/donate.aspx?EventID=193930&#038;LangPref=en-CA&#038;Referrer=direct%2fnone\">soutenir les incroyables athl\u00e8tes<\/a>, comme Daniel, qui poursuivent leurs r\u00eaves paralympiques, en donnant g\u00e9n\u00e9reusement \u00e0 Basketball en fauteuil roulant Canada. <\/p>\n<p><a href=\"https:\/\/secure.e2rm.com\/registrant\/donate.aspx?EventID=193930&amp;LangPref=en-CA&amp;Referrer=direct%2fnone\"><img loading=\"lazy\" decoding=\"async\" width=\"200\" height=\"63\" src=\"https:\/\/www.wheelchairbasketball.ca\/wp-content\/uploads\/2015\/03\/Donate-btn-f.jpg\" alt=\"\" class=\"aligncenter size-full wp-image-5968\" \/><\/a><\/p>\n","protected":false},"excerpt":{"rendered":"Daniel avait 15 ans quand l\u2019impensable est survenu. Durant un voyage humanitaire avec des membres de son \u00e9glise, en R\u00e9publique dominicaine, le balcon de son h\u00f4tel s\u2019est effondr\u00e9 et il est tomb\u00e9 de trois \u00e9tages. Outre des blessures graves sur tout le corps, il s\u2019est fractur\u00e9 le cou et la colonne vert\u00e9brale. \u201c\u00ab J\u2019ai perdu [&hellip;]","protected":false},"author":6,"featured_media":0,"parent":0,"menu_order":4,"comment_status":"closed","ping_status":"closed","template":"","meta":{"om_disable_all_campaigns":false,"_monsterinsights_skip_tracking":false,"_monsterinsights_sitenote_active":false,"_monsterinsights_sitenote_note":"","_monsterinsights_sitenote_category":0,"footnotes":""},"acf":[],"yoast_head":"<!-- This site is optimized with the Yoast SEO plugin v21.9.1 - https:\/\/yoast.com\/wordpress\/plugins\/seo\/ -->\n<title>L\u2019histoire de Daniel - Wheelchair Basketball Canada<\/title>\n<meta name=\"robots\" content=\"index, follow, max-snippet:-1, max-image-preview:large, max-video-preview:-1\" \/>\n<link rel=\"canonical\" href=\"https:\/\/www.wheelchairbasketball.ca\/fr\/lhistoire-de-daniel\/\" \/>\n<meta property=\"og:locale\" content=\"fr_FR\" \/>\n<meta property=\"og:type\" content=\"article\" \/>\n<meta property=\"og:title\" content=\"L\u2019histoire de Daniel - Wheelchair Basketball Canada\" \/>\n<meta property=\"og:description\" content=\"Daniel avait 15 ans quand l\u2019impensable est survenu. Durant un voyage humanitaire avec des membres de son \u00e9glise, en R\u00e9publique dominicaine, le balcon de son h\u00f4tel s\u2019est effondr\u00e9 et il est tomb\u00e9 de trois \u00e9tages. Outre des blessures graves sur tout le corps, il s\u2019est fractur\u00e9 le cou et la colonne vert\u00e9brale. \u201c\u00ab J\u2019ai perdu [&hellip;]\" \/>\n<meta property=\"og:url\" content=\"https:\/\/www.wheelchairbasketball.ca\/fr\/lhistoire-de-daniel\/\" \/>\n<meta property=\"og:site_name\" content=\"Wheelchair Basketball Canada\" \/>\n<meta property=\"article:publisher\" content=\"http:\/\/www.facebook.com\/wheelchairbasketball\" \/>\n<meta property=\"article:modified_time\" content=\"2018-12-11T16:34:12+00:00\" \/>\n<meta property=\"og:image\" content=\"https:\/\/www.wheelchairbasketball.ca\/wp-content\/uploads\/2015\/03\/Donate-btn-f.jpg\" \/>\n<meta name=\"twitter:card\" content=\"summary_large_image\" \/>\n<meta name=\"twitter:site\" content=\"@WCBballCanada\" \/>\n<meta name=\"twitter:label1\" content=\"Dur\u00e9e de lecture estim\u00e9e\" \/>\n\t<meta name=\"twitter:data1\" content=\"1 minute\" \/>\n<script type=\"application\/ld+json\" class=\"yoast-schema-graph\">{\"@context\":\"https:\/\/schema.org\",\"@graph\":[{\"@type\":\"WebPage\",\"@id\":\"https:\/\/www.wheelchairbasketball.ca\/fr\/lhistoire-de-daniel\/\",\"url\":\"https:\/\/www.wheelchairbasketball.ca\/fr\/lhistoire-de-daniel\/\",\"name\":\"L\u2019histoire de Daniel - Wheelchair Basketball Canada\",\"isPartOf\":{\"@id\":\"https:\/\/www.wheelchairbasketball.ca\/#website\"},\"datePublished\":\"2018-12-11T16:33:23+00:00\",\"dateModified\":\"2018-12-11T16:34:12+00:00\",\"breadcrumb\":{\"@id\":\"https:\/\/www.wheelchairbasketball.ca\/fr\/lhistoire-de-daniel\/#breadcrumb\"},\"inLanguage\":\"fr-FR\",\"potentialAction\":[{\"@type\":\"ReadAction\",\"target\":[\"https:\/\/www.wheelchairbasketball.ca\/fr\/lhistoire-de-daniel\/\"]}]},{\"@type\":\"BreadcrumbList\",\"@id\":\"https:\/\/www.wheelchairbasketball.ca\/fr\/lhistoire-de-daniel\/#breadcrumb\",\"itemListElement\":[{\"@type\":\"ListItem\",\"position\":1,\"name\":\"Home\",\"item\":\"https:\/\/www.wheelchairbasketball.ca\/fr\/\"},{\"@type\":\"ListItem\",\"position\":2,\"name\":\"L\u2019histoire de Daniel\"}]},{\"@type\":\"WebSite\",\"@id\":\"https:\/\/www.wheelchairbasketball.ca\/#website\",\"url\":\"https:\/\/www.wheelchairbasketball.ca\/\",\"name\":\"Wheelchair Basketball Canada\",\"description\":\"Real Life. Real Sport.\",\"potentialAction\":[{\"@type\":\"SearchAction\",\"target\":{\"@type\":\"EntryPoint\",\"urlTemplate\":\"https:\/\/www.wheelchairbasketball.ca\/?s={search_term_string}\"},\"query-input\":\"required name=search_term_string\"}],\"inLanguage\":\"fr-FR\"}]}<\/script>\n<!-- \/ Yoast SEO plugin. -->","yoast_head_json":{"title":"L\u2019histoire de Daniel - Wheelchair Basketball Canada","robots":{"index":"index","follow":"follow","max-snippet":"max-snippet:-1","max-image-preview":"max-image-preview:large","max-video-preview":"max-video-preview:-1"},"canonical":"https:\/\/www.wheelchairbasketball.ca\/fr\/lhistoire-de-daniel\/","og_locale":"fr_FR","og_type":"article","og_title":"L\u2019histoire de Daniel - Wheelchair Basketball Canada","og_description":"Daniel avait 15 ans quand l\u2019impensable est survenu. Durant un voyage humanitaire avec des membres de son \u00e9glise, en R\u00e9publique dominicaine, le balcon de son h\u00f4tel s\u2019est effondr\u00e9 et il est tomb\u00e9 de trois \u00e9tages. Outre des blessures graves sur tout le corps, il s\u2019est fractur\u00e9 le cou et la colonne vert\u00e9brale. \u201c\u00ab J\u2019ai perdu [&hellip;]","og_url":"https:\/\/www.wheelchairbasketball.ca\/fr\/lhistoire-de-daniel\/","og_site_name":"Wheelchair Basketball Canada","article_publisher":"http:\/\/www.facebook.com\/wheelchairbasketball","article_modified_time":"2018-12-11T16:34:12+00:00","og_image":[{"url":"https:\/\/www.wheelchairbasketball.ca\/wp-content\/uploads\/2015\/03\/Donate-btn-f.jpg"}],"twitter_card":"summary_large_image","twitter_site":"@WCBballCanada","twitter_misc":{"Dur\u00e9e de lecture estim\u00e9e":"1 minute"},"schema":{"@context":"https:\/\/schema.org","@graph":[{"@type":"WebPage","@id":"https:\/\/www.wheelchairbasketball.ca\/fr\/lhistoire-de-daniel\/","url":"https:\/\/www.wheelchairbasketball.ca\/fr\/lhistoire-de-daniel\/","name":"L\u2019histoire de Daniel - Wheelchair Basketball Canada","isPartOf":{"@id":"https:\/\/www.wheelchairbasketball.ca\/#website"},"datePublished":"2018-12-11T16:33:23+00:00","dateModified":"2018-12-11T16:34:12+00:00","breadcrumb":{"@id":"https:\/\/www.wheelchairbasketball.ca\/fr\/lhistoire-de-daniel\/#breadcrumb"},"inLanguage":"fr-FR","potentialAction":[{"@type":"ReadAction","target":["https:\/\/www.wheelchairbasketball.ca\/fr\/lhistoire-de-daniel\/"]}]},{"@type":"BreadcrumbList","@id":"https:\/\/www.wheelchairbasketball.ca\/fr\/lhistoire-de-daniel\/#breadcrumb","itemListElement":[{"@type":"ListItem","position":1,"name":"Home","item":"https:\/\/www.wheelchairbasketball.ca\/fr\/"},{"@type":"ListItem","position":2,"name":"L\u2019histoire de Daniel"}]},{"@type":"WebSite","@id":"https:\/\/www.wheelchairbasketball.ca\/#website","url":"https:\/\/www.wheelchairbasketball.ca\/","name":"Wheelchair Basketball Canada","description":"Real Life. Real Sport.","potentialAction":[{"@type":"SearchAction","target":{"@type":"EntryPoint","urlTemplate":"https:\/\/www.wheelchairbasketball.ca\/?s={search_term_string}"},"query-input":"required name=search_term_string"}],"inLanguage":"fr-FR"}]}},"_links":{"self":[{"href":"https:\/\/www.wheelchairbasketball.ca\/fr\/wp-json\/wp\/v2\/pages\/9925"}],"collection":[{"href":"https:\/\/www.wheelchairbasketball.ca\/fr\/wp-json\/wp\/v2\/pages"}],"about":[{"href":"https:\/\/www.wheelchairbasketball.ca\/fr\/wp-json\/wp\/v2\/types\/page"}],"author":[{"embeddable":true,"href":"https:\/\/www.wheelchairbasketball.ca\/fr\/wp-json\/wp\/v2\/users\/6"}],"replies":[{"embeddable":true,"href":"https:\/\/www.wheelchairbasketball.ca\/fr\/wp-json\/wp\/v2\/comments?post=9925"}],"version-history":[{"count":1,"href":"https:\/\/www.wheelchairbasketball.ca\/fr\/wp-json\/wp\/v2\/pages\/9925\/revisions"}],"predecessor-version":[{"id":9926,"href":"https:\/\/www.wheelchairbasketball.ca\/fr\/wp-json\/wp\/v2\/pages\/9925\/revisions\/9926"}],"wp:attachment":[{"href":"https:\/\/www.wheelchairbasketball.ca\/fr\/wp-json\/wp\/v2\/media?parent=9925"}],"curies":[{"name":"wp","href":"https:\/\/api.w.org\/{rel}","templated":true}]}}